{"id":2307,"date":"2025-11-20T14:05:33","date_gmt":"2025-11-20T14:05:33","guid":{"rendered":"https:\/\/hairbrazilcosmetics.com\/?page_id=2307"},"modified":"2025-11-21T15:22:41","modified_gmt":"2025-11-21T15:22:41","slug":"gold-oil-infusion","status":"publish","type":"page","link":"https:\/\/hairbrazilcosmetics.com\/pt\/gold-oil-infusion\/","title":{"rendered":"Infus\u00e3o de \u00f3leo de ouro"},"content":{"rendered":"<div data-elementor-type=\"wp-page\" data-elementor-id=\"2307\" class=\"elementor elementor-2307\" data-elementor-post-type=\"page\">\n\t\t\t\t<div class=\"elementor-element elementor-element-062b532 e-grid e-con-boxed e-con e-parent\" data-id=\"062b532\" data-element_type=\"container\">\n\t\t\t\t\t<div class=\"e-con-inner\">\n\t\t\t\t<div class=\"elementor-element elementor-element-cb2545c elementor-cta--layout-image-left elementor-cta--skin-classic elementor-animated-content elementor-bg-transform elementor-bg-transform-zoom-in elementor-widget elementor-widget-call-to-action\" data-id=\"cb2545c\" data-element_type=\"widget\" data-widget_type=\"call-to-action.default\">\n\t\t\t\t<div class=\"elementor-widget-container\">\n\t\t\t\t\t\t\t<div class=\"elementor-cta\">\n\t\t\t\t\t<div class=\"elementor-cta__bg-wrapper\">\n\t\t\t\t<div class=\"elementor-cta__bg elementor-bg\" style=\"background-image: url(https:\/\/hairbrazilcosmetics.com\/wp-content\/uploads\/2025\/11\/Shop-header-Home-Line-1.png);\" role=\"img\" aria-label=\"Linha Home do cabe\u00e7alho da loja (1)\"><\/div>\n\t\t\t\t<div class=\"elementor-cta__bg-overlay\"><\/div>\n\t\t\t<\/div>\n\t\t\t\t\t\t\t<div class=\"elementor-cta__content\">\n\t\t\t\t\n\t\t\t\t\t\t\t\t\t<h2 class=\"elementor-cta__title elementor-cta__content-item elementor-content-item\">\n\t\t\t\t\t\tCat\u00e1logo da linha Home da Hair Brazil Cosmetics\t\t\t\t\t<\/h2>\n\t\t\t\t\n\t\t\t\t\t\t\t\t\t<div class=\"elementor-cta__description elementor-cta__content-item elementor-content-item\">\n\t\t\t\t\t\tOnde a ci\u00eancia avan\u00e7ada do cabelo encontra recursos brasileiros, criando resultados precisos para profissionais do mundo todo.\t\t\t\t\t<\/div>\n\t\t\t\t\n\t\t\t\t\t\t\t<\/div>\n\t\t\t\t\t\t<\/div>\n\t\t\t\t\t\t<\/div>\n\t\t\t\t<\/div>\n\t\t<div class=\"elementor-element elementor-element-9a432b7 e-grid e-con-full e-con e-child\" data-id=\"9a432b7\" data-element_type=\"container\">\n\t\t\t\t<div class=\"elementor-element elementor-element-801c673 elementor-widget elementor-widget-heading\" data-id=\"801c673\" data-element_type=\"widget\" data-widget_type=\"heading.default\">\n\t\t\t\t<div class=\"elementor-widget-container\">\n\t\t\t\t\t<h2 class=\"elementor-heading-title elementor-size-default\">Tratamento capilar com infus\u00e3o de \u00f3leo de ouro<\/h2>\t\t\t\t<\/div>\n\t\t\t\t<\/div>\n\t\t\t\t<\/div>\n\t\t\t\t\t<\/div>\n\t\t\t\t<\/div>\n\t\t<div class=\"elementor-element elementor-element-2e939a0 e-grid e-con-boxed e-con e-parent\" data-id=\"2e939a0\" data-element_type=\"container\">\n\t\t\t\t\t<div class=\"e-con-inner\">\n\t\t<div class=\"elementor-element elementor-element-e8b8dea e-con-full e-grid e-con e-child\" data-id=\"e8b8dea\" data-element_type=\"container\">\n\t\t\t\t<div class=\"elementor-element elementor-element-63c7729 elementor-widget elementor-widget-text-editor\" data-id=\"63c7729\" data-element_type=\"widget\" data-widget_type=\"text-editor.default\">\n\t\t\t\t<div class=\"elementor-widget-container\">\n\t\t\t\t\t\t\t\t\t<p><img decoding=\"async\" class=\"alignnone size-full wp-image-1976\" src=\"https:\/\/hairbrazilcosmetics.com\/wp-content\/uploads\/2025\/11\/hair-Brazil-Logo-.png\" alt=\"\" width=\"187\" height=\"40\" srcset=\"https:\/\/hairbrazilcosmetics.com\/wp-content\/uploads\/2025\/11\/hair-Brazil-Logo-.png 187w, https:\/\/hairbrazilcosmetics.com\/wp-content\/uploads\/2025\/11\/hair-Brazil-Logo--96x21.png 96w\" sizes=\"(max-width: 187px) 100vw, 187px\" \/><\/p><div class=\"woocommerce-product-details__short-description\"><p>\u00a0<\/p><p><strong>Infus\u00e3o de \u00f3leo de ouro - maciez, reparo e brilho radiante<\/strong><\/p><p>\u00a0<\/p><p>Mime o seu cabelo com o Gold Oil Infusion, um luxuoso \u00f3leo de tratamento enriquecido com \u00f3leo de macad\u00e2mia e vitamina E para proporcionar maciez excepcional e brilho luminoso. Essa f\u00f3rmula leve nutre profundamente e suaviza cada fio, ajudando a reparar pontas duplas, controlar o frizz e restaurar a vitalidade dos cabelos secos ou danificados.<\/p><p>\u00a0<\/p><p>A cada uso, seu cabelo fica sedoso, male\u00e1vel e lindamente radiante - sem nenhum res\u00edduo gorduroso.<\/p><p>\u00a0<\/p><p><strong>Principais benef\u00edcios:<\/strong><\/p><p>\u00a0<\/p><ul><li>Nutre profundamente e amacia os cabelos<\/li><li>Repara e sela pontas duplas<\/li><li>Controla o frizz e melhora a maleabilidade<\/li><li>Adiciona brilho intenso e duradouro<\/li><li>Acabamento leve e n\u00e3o oleoso, adequado para todos os tipos de cabelo<\/li><\/ul><p>\u00a0<\/p><p><strong>Perfeito para quem busca um toque de luxo e um brilho brilhante e saud\u00e1vel.<\/strong><\/p><\/div>\t\t\t\t\t\t\t\t<\/div>\n\t\t\t\t<\/div>\n\t\t\t\t<div class=\"elementor-element elementor-element-63db801 elementor-widget elementor-widget-n-accordion\" data-id=\"63db801\" data-element_type=\"widget\" data-settings=\"{&quot;default_state&quot;:&quot;expanded&quot;,&quot;max_items_expended&quot;:&quot;one&quot;,&quot;n_accordion_animation_duration&quot;:{&quot;unit&quot;:&quot;ms&quot;,&quot;size&quot;:400,&quot;sizes&quot;:[]}}\" data-widget_type=\"nested-accordion.default\">\n\t\t\t\t<div class=\"elementor-widget-container\">\n\t\t\t\t\t\t\t<div class=\"e-n-accordion\" aria-label=\"Acorde\u00e3o. Abra links com Enter ou Espa\u00e7o, feche com Escape e navegue com as setas\">\n\t\t\t\t\t\t<details id=\"e-n-accordion-item-1040\" class=\"e-n-accordion-item\" open>\n\t\t\t\t<summary class=\"e-n-accordion-item-title\" data-accordion-index=\"1\" tabindex=\"0\" aria-expanded=\"true\" aria-controls=\"e-n-accordion-item-1040\" >\n\t\t\t\t\t<span class='e-n-accordion-item-title-header'><div class=\"e-n-accordion-item-title-text\"> Como usar: <\/div><\/span>\n\t\t\t\t\t\t\t<span class='e-n-accordion-item-title-icon'>\n\t\t\t<span class='e-opened' ><svg aria-hidden=\"true\" class=\"e-font-icon-svg e-fas-minus\" viewbox=\"0 0 448 512\" xmlns=\"http:\/\/www.w3.org\/2000\/svg\"><path d=\"M416 208H32c-17.67 0-32 14.33-32 32v32c0 17.67 14.33 32 32 32h384c17.67 0 32-14.33 32-32v-32c0-17.67-14.33-32-32-32z\"><\/path><\/svg><\/span>\n\t\t\t<span class='e-closed'><svg aria-hidden=\"true\" class=\"e-font-icon-svg e-fas-plus\" viewbox=\"0 0 448 512\" xmlns=\"http:\/\/www.w3.org\/2000\/svg\"><path d=\"M416 208H272V64c0-17.67-14.33-32-32-32h-32c-17.67 0-32 14.33-32 32v144H32c-17.67 0-32 14.33-32 32v32c0 17.67 14.33 32 32 32h144v144c0 17.67 14.33 32 32 32h32c17.67 0 32-14.33 32-32V304h144c17.67 0 32-14.33 32-32v-32c0-17.67-14.33-32-32-32z\"><\/path><\/svg><\/span>\n\t\t<\/span>\n\n\t\t\t\t\t\t<\/summary>\n\t\t\t\t<div role=\"region\" aria-labelledby=\"e-n-accordion-item-1040\" class=\"elementor-element elementor-element-125ae35 e-con-full e-flex e-con e-child\" data-id=\"125ae35\" data-element_type=\"container\">\n\t\t\t\t<div class=\"elementor-element elementor-element-4bd2521 elementor-widget elementor-widget-text-editor\" data-id=\"4bd2521\" data-element_type=\"widget\" data-widget_type=\"text-editor.default\">\n\t\t\t\t<div class=\"elementor-widget-container\">\n\t\t\t\t\t\t\t\t\t<p>\u00a0<\/p><p>Agite bem antes de usar. Segure o frasco a 15-20 cm (6-8 polegadas) de dist\u00e2ncia do cabelo e borrife uniformemente do meio do comprimento at\u00e9 as pontas.<\/p><p>\u00a0<\/p><p>Para obter os melhores resultados, aplique antes de secar com secador ou modelar com alisador para proteger e alisar o cabelo. Tamb\u00e9m pode ser usado ap\u00f3s a modelagem para aumentar a maciez, o brilho e o controle do frizz.<\/p><p>\u00a0<\/p>\t\t\t\t\t\t\t\t<\/div>\n\t\t\t\t<\/div>\n\t\t\t\t<\/div>\n\t\t\t\t\t<\/details>\n\t\t\t\t\t\t<details id=\"e-n-accordion-item-1041\" class=\"e-n-accordion-item\" >\n\t\t\t\t<summary class=\"e-n-accordion-item-title\" data-accordion-index=\"2\" tabindex=\"-1\" aria-expanded=\"false\" aria-controls=\"e-n-accordion-item-1041\" >\n\t\t\t\t\t<span class='e-n-accordion-item-title-header'><div class=\"e-n-accordion-item-title-text\"> Principais atividades: <\/div><\/span>\n\t\t\t\t\t\t\t<span class='e-n-accordion-item-title-icon'>\n\t\t\t<span class='e-opened' ><svg aria-hidden=\"true\" class=\"e-font-icon-svg e-fas-minus\" viewbox=\"0 0 448 512\" xmlns=\"http:\/\/www.w3.org\/2000\/svg\"><path d=\"M416 208H32c-17.67 0-32 14.33-32 32v32c0 17.67 14.33 32 32 32h384c17.67 0 32-14.33 32-32v-32c0-17.67-14.33-32-32-32z\"><\/path><\/svg><\/span>\n\t\t\t<span class='e-closed'><svg aria-hidden=\"true\" class=\"e-font-icon-svg e-fas-plus\" viewbox=\"0 0 448 512\" xmlns=\"http:\/\/www.w3.org\/2000\/svg\"><path d=\"M416 208H272V64c0-17.67-14.33-32-32-32h-32c-17.67 0-32 14.33-32 32v144H32c-17.67 0-32 14.33-32 32v32c0 17.67 14.33 32 32 32h144v144c0 17.67 14.33 32 32 32h32c17.67 0 32-14.33 32-32V304h144c17.67 0 32-14.33 32-32v-32c0-17.67-14.33-32-32-32z\"><\/path><\/svg><\/span>\n\t\t<\/span>\n\n\t\t\t\t\t\t<\/summary>\n\t\t\t\t<div role=\"region\" aria-labelledby=\"e-n-accordion-item-1041\" class=\"elementor-element elementor-element-1c6160d e-con-full e-flex e-con e-child\" data-id=\"1c6160d\" data-element_type=\"container\">\n\t\t\t\t<div class=\"elementor-element elementor-element-3c8af7f elementor-widget elementor-widget-text-editor\" data-id=\"3c8af7f\" data-element_type=\"widget\" data-widget_type=\"text-editor.default\">\n\t\t\t\t<div class=\"elementor-widget-container\">\n\t\t\t\t\t\t\t\t\t<p>\u00a0<\/p><ul><li><strong>Extrato de a\u00e7a\u00ed:<\/strong> Esse extrato \u00e9 rico em antioxidantes que ajudam a proteger os cabelos dos danos causados pelos radicais livres.<\/li><li><strong>Glicerina:<\/strong> Hidrata e condiciona, tornando o cabelo mais macio e mais resistente \u00e0 quebra.<\/li><li><strong>Queratina hidrolisada:<\/strong> Essa prote\u00edna ajuda a fortalecer o cabelo, aumentar sua elasticidade e reduzir a quebra.<\/li><li><strong>Violeta \u00e1cido 43<\/strong>: S\u00e3o pigmentos que ajudam a neutralizar os tons amarelos em cabelos descoloridos, ajudando a obter a tonalidade desejada.<\/li><\/ul>\t\t\t\t\t\t\t\t<\/div>\n\t\t\t\t<\/div>\n\t\t\t\t<\/div>\n\t\t\t\t\t<\/details>\n\t\t\t\t\t\t<details id=\"e-n-accordion-item-1042\" class=\"e-n-accordion-item\" >\n\t\t\t\t<summary class=\"e-n-accordion-item-title\" data-accordion-index=\"3\" tabindex=\"-1\" aria-expanded=\"false\" aria-controls=\"e-n-accordion-item-1042\" >\n\t\t\t\t\t<span class='e-n-accordion-item-title-header'><div class=\"e-n-accordion-item-title-text\"> Benef\u00edcios: <\/div><\/span>\n\t\t\t\t\t\t\t<span class='e-n-accordion-item-title-icon'>\n\t\t\t<span class='e-opened' ><svg aria-hidden=\"true\" class=\"e-font-icon-svg e-fas-minus\" viewbox=\"0 0 448 512\" xmlns=\"http:\/\/www.w3.org\/2000\/svg\"><path d=\"M416 208H32c-17.67 0-32 14.33-32 32v32c0 17.67 14.33 32 32 32h384c17.67 0 32-14.33 32-32v-32c0-17.67-14.33-32-32-32z\"><\/path><\/svg><\/span>\n\t\t\t<span class='e-closed'><svg aria-hidden=\"true\" class=\"e-font-icon-svg e-fas-plus\" viewbox=\"0 0 448 512\" xmlns=\"http:\/\/www.w3.org\/2000\/svg\"><path d=\"M416 208H272V64c0-17.67-14.33-32-32-32h-32c-17.67 0-32 14.33-32 32v144H32c-17.67 0-32 14.33-32 32v32c0 17.67 14.33 32 32 32h144v144c0 17.67 14.33 32 32 32h32c17.67 0 32-14.33 32-32V304h144c17.67 0 32-14.33 32-32v-32c0-17.67-14.33-32-32-32z\"><\/path><\/svg><\/span>\n\t\t<\/span>\n\n\t\t\t\t\t\t<\/summary>\n\t\t\t\t<div role=\"region\" aria-labelledby=\"e-n-accordion-item-1042\" class=\"elementor-element elementor-element-9c11a52 e-con-full e-flex e-con e-child\" data-id=\"9c11a52\" data-element_type=\"container\">\n\t\t\t\t<div class=\"elementor-element elementor-element-4b56087 elementor-widget elementor-widget-text-editor\" data-id=\"4b56087\" data-element_type=\"widget\" data-widget_type=\"text-editor.default\">\n\t\t\t\t<div class=\"elementor-widget-container\">\n\t\t\t\t\t\t\t\t\t<p>\u00a0<\/p><ul><li><strong>Elimina o frizz: <\/strong>Esse produto foi especialmente formulado para ajudar a selar a cut\u00edcula do cabelo, reduzindo o frizz e deixando o cabelo mais male\u00e1vel.<\/li><li><strong>Efeito suave: <\/strong>Ajuda a alinhar os fios de cabelo, proporcionando um efeito de alisamento e deixando o cabelo mais liso e macio.<\/li><li><strong>Proporciona um brilho saud\u00e1vel e duradouro: <\/strong>Esse produto protege os fios de cabelo, proporcionando nutri\u00e7\u00e3o e brilho saud\u00e1vel de longa dura\u00e7\u00e3o.<\/li><\/ul>\t\t\t\t\t\t\t\t<\/div>\n\t\t\t\t<\/div>\n\t\t\t\t<\/div>\n\t\t\t\t\t<\/details>\n\t\t\t\t\t<\/div>\n\t\t\t\t\t\t<\/div>\n\t\t\t\t<\/div>\n\t\t\t\t<\/div>\n\t\t\t\t<div class=\"elementor-element elementor-element-d2f3d85 elementor-skin-slideshow elementor-arrows-yes elementor-widget elementor-widget-media-carousel\" data-id=\"d2f3d85\" data-element_type=\"widget\" data-settings=\"{&quot;skin&quot;:&quot;slideshow&quot;,&quot;effect&quot;:&quot;fade&quot;,&quot;show_arrows&quot;:&quot;yes&quot;,&quot;speed&quot;:500,&quot;autoplay&quot;:&quot;yes&quot;,&quot;autoplay_speed&quot;:5000,&quot;space_between&quot;:{&quot;unit&quot;:&quot;px&quot;,&quot;size&quot;:10,&quot;sizes&quot;:[]},&quot;space_between_tablet&quot;:{&quot;unit&quot;:&quot;px&quot;,&quot;size&quot;:10,&quot;sizes&quot;:[]},&quot;space_between_mobile&quot;:{&quot;unit&quot;:&quot;px&quot;,&quot;size&quot;:10,&quot;sizes&quot;:[]}}\" data-widget_type=\"media-carousel.default\">\n\t\t\t\t<div class=\"elementor-widget-container\">\n\t\t\t\t\t\t\t\t\t<div class=\"elementor-swiper\">\n\t\t\t\t\t<div class=\"elementor-main-swiper swiper\" role=\"region\" aria-roledescription=\"carousel\" aria-label=\"Slides\">\n\t\t\t\t<div class=\"swiper-wrapper\">\n\t\t\t\t\t\t\t\t\t\t\t<div class=\"swiper-slide\" role=\"group\" aria-roledescription=\"slide\">\n\t\t\t\t\t\t\t\t\t<div class=\"elementor-carousel-image\" role=\"img\" aria-label=\"Hair Brazil_Infus\u00e3o de ouro_570_570\" style=\"background-image: url(&#039;https:\/\/hairbrazilcosmetics.com\/wp-content\/uploads\/2025\/11\/Hair-Brazil_Gold-infusion_570_570-.png&#039;)\">\n\n\t\t\t\n\t\t\t\t\t<\/div>\n\t\t\t\t\t\t\t\t<\/div>\n\t\t\t\t\t\t\t\t\t\t\t<div class=\"swiper-slide\" role=\"group\" aria-roledescription=\"slide\">\n\t\t\t\t\t\t\t\t\t<div class=\"elementor-carousel-image\" role=\"img\" aria-label=\"Hair brazil_gold oil infusion_gallery photo_photo_780_795\" style=\"background-image: url(&#039;https:\/\/hairbrazilcosmetics.com\/wp-content\/uploads\/2025\/11\/Hair-brazil_gold-oil-infusion_gallery-photo_photo_780_795.png&#039;)\">\n\n\t\t\t\n\t\t\t\t\t<\/div>\n\t\t\t\t\t\t\t\t<\/div>\n\t\t\t\t\t\t\t\t\t<\/div>\n\t\t\t\t\t\t\t\t\t\t\t\t\t\t\t<div class=\"elementor-swiper-button elementor-swiper-button-prev\" role=\"button\" tabindex=\"0\" aria-label=\"Anterior\">\n\t\t\t\t\t\t\t<svg aria-hidden=\"true\" class=\"e-font-icon-svg e-eicon-chevron-left\" viewbox=\"0 0 1000 1000\" xmlns=\"http:\/\/www.w3.org\/2000\/svg\"><path d=\"M646 125C629 125 613 133 604 142L308 442C296 454 292 471 292 487 292 504 296 521 308 533L604 854C617 867 629 875 646 875 663 875 679 871 692 858 704 846 713 829 713 812 713 796 708 779 692 767L438 487 692 225C700 217 708 204 708 187 708 171 704 154 692 142 675 129 663 125 646 125Z\"><\/path><\/svg>\t\t\t\t\t\t<\/div>\n\t\t\t\t\t\t<div class=\"elementor-swiper-button elementor-swiper-button-next\" role=\"button\" tabindex=\"0\" aria-label=\"Pr\u00f3ximo\">\n\t\t\t\t\t\t\t<svg aria-hidden=\"true\" class=\"e-font-icon-svg e-eicon-chevron-right\" viewbox=\"0 0 1000 1000\" xmlns=\"http:\/\/www.w3.org\/2000\/svg\"><path d=\"M696 533C708 521 713 504 713 487 713 471 708 454 696 446L400 146C388 133 375 125 354 125 338 125 325 129 313 142 300 154 292 171 292 187 292 204 296 221 308 233L563 492 304 771C292 783 288 800 288 817 288 833 296 850 308 863 321 871 338 875 354 875 371 875 388 867 400 854L696 533Z\"><\/path><\/svg>\t\t\t\t\t\t<\/div>\n\t\t\t\t\t\t\t\t\t\t\t\t\t\t\t\t\t<\/div>\n\t\t\t\t<\/div>\n\t\t\t\t\t\t\t\t<div class=\"elementor-swiper\">\n\t\t\t\t\t<div class=\"elementor-main-swiper swiper elementor-thumbnails-swiper swiper\" role=\"region region\" aria-roledescription=\"carousel carousel\" aria-label=\"Slides Slides\">\n\t\t\t\t<div class=\"swiper-wrapper\">\n\t\t\t\t\t\t\t\t\t\t\t<div class=\"swiper-slide\" role=\"group\" aria-roledescription=\"slide\">\n\t\t\t\t\t\t\t\t\t<div class=\"elementor-carousel-image\" role=\"img\" aria-label=\"Hair Brazil_Infus\u00e3o de ouro_570_570\" style=\"background-image: url(&#039;https:\/\/hairbrazilcosmetics.com\/wp-content\/uploads\/2025\/11\/Hair-Brazil_Gold-infusion_570_570-.png&#039;)\">\n\n\t\t\t\n\t\t\t\t\t<\/div>\n\t\t\t\t\t\t\t\t<\/div>\n\t\t\t\t\t\t\t\t\t\t\t<div class=\"swiper-slide\" role=\"group\" aria-roledescription=\"slide\">\n\t\t\t\t\t\t\t\t\t<div class=\"elementor-carousel-image\" role=\"img\" aria-label=\"Hair brazil_gold oil infusion_gallery photo_photo_780_795\" style=\"background-image: url(&#039;https:\/\/hairbrazilcosmetics.com\/wp-content\/uploads\/2025\/11\/Hair-brazil_gold-oil-infusion_gallery-photo_photo_780_795.png&#039;)\">\n\n\t\t\t\n\t\t\t\t\t<\/div>\n\t\t\t\t\t\t\t\t<\/div>\n\t\t\t\t\t\t\t\t\t<\/div>\n\t\t\t\t\t\t\t\t\t\t\t\t\t\t\t\t\t\t\t\t\t<\/div>\n\t\t\t\t<\/div>\n\t\t\t\t\t\t\t\t<\/div>\n\t\t\t\t<\/div>\n\t\t\t\t\t<\/div>\n\t\t\t\t<\/div>\n\t\t<div class=\"elementor-element elementor-element-e6e64c5 e-con-full e-flex e-con e-parent\" data-id=\"e6e64c5\" data-element_type=\"container\" data-settings=\"{&quot;background_background&quot;:&quot;classic&quot;}\">\n\t\t\t\t<\/div>\n\t\t\t\t<\/div>","protected":false},"excerpt":{"rendered":"<p>Hair Brazil Cosmetics Home Line Catalogue Where advanced hair science meets Brazilian resources, creating precision results for professionals worldwide. Hair treatment gold oil infusion \u00a0 Gold Oil Infusion \u2013 Softness, Repair &amp; Radiant Shine \u00a0 Indulge your hair with Gold Oil Infusion, a luxurious treatment oil enriched with macadamia oil and vitamin E to deliver [&hellip;]<\/p>\n","protected":false},"author":1,"featured_media":0,"parent":0,"menu_order":0,"comment_status":"closed","ping_status":"closed","template":"","meta":{"_uag_custom_page_level_css":"","site-sidebar-layout":"no-sidebar","site-content-layout":"page-builder","ast-site-content-layout":"full-width-container","site-content-style":"default","site-sidebar-style":"default","ast-global-header-display":"","ast-banner-title-visibility":"","ast-main-header-display":"","ast-hfb-above-header-display":"","ast-hfb-below-header-display":"","ast-hfb-mobile-header-display":"","site-post-title":"disabled","ast-breadcrumbs-content":"","ast-featured-img":"disabled","footer-sml-layout":"","theme-transparent-header-meta":"","adv-header-id-meta":"","stick-header-meta":"","header-above-stick-meta":"","header-main-stick-meta":"","header-below-stick-meta":"","astra-migrate-meta-layouts":"set","ast-page-background-enabled":"default","ast-page-background-meta":{"desktop":{"background-color":"var(--ast-global-color-4)","background-image":"","background-repeat":"repeat","background-position":"center center","background-size":"auto","background-attachment":"scroll","background-type":"","background-media":"","overlay-type":"","overlay-color":"","overlay-opacity":"","overlay-gradient":""},"tablet":{"background-color":"","background-image":"","background-repeat":"repeat","background-position":"center center","background-size":"auto","background-attachment":"scroll","background-type":"","background-media":"","overlay-type":"","overlay-color":"","overlay-opacity":"","overlay-gradient":""},"mobile":{"background-color":"","background-image":"","background-repeat":"repeat","background-position":"center center","background-size":"auto","background-attachment":"scroll","background-type":"","background-media":"","overlay-type":"","overlay-color":"","overlay-opacity":"","overlay-gradient":""}},"ast-content-background-meta":{"desktop":{"background-color":"var(--ast-global-color-5)","background-image":"","background-repeat":"repeat","background-position":"center center","background-size":"auto","background-attachment":"scroll","background-type":"","background-media":"","overlay-type":"","overlay-color":"","overlay-opacity":"","overlay-gradient":""},"tablet":{"background-color":"var(--ast-global-color-5)","background-image":"","background-repeat":"repeat","background-position":"center center","background-size":"auto","background-attachment":"scroll","background-type":"","background-media":"","overlay-type":"","overlay-color":"","overlay-opacity":"","overlay-gradient":""},"mobile":{"background-color":"var(--ast-global-color-5)","background-image":"","background-repeat":"repeat","background-position":"center center","background-size":"auto","background-attachment":"scroll","background-type":"","background-media":"","overlay-type":"","overlay-color":"","overlay-opacity":"","overlay-gradient":""}},"footnotes":""},"class_list":["post-2307","page","type-page","status-publish","hentry"],"_hostinger_reach_plugin_has_subscription_block":false,"_hostinger_reach_plugin_is_elementor":false,"uagb_featured_image_src":{"full":false,"thumbnail":false,"medium":false,"medium_large":false,"large":false,"1536x1536":false,"2048x2048":false,"trp-custom-language-flag":false},"uagb_author_info":{"display_name":"simon.getmad@gmail.com","author_link":"https:\/\/hairbrazilcosmetics.com\/pt\/author\/simon-getmadgmail-com\/"},"uagb_comment_info":0,"uagb_excerpt":"Hair Brazil Cosmetics Home Line Catalogue Where advanced hair science meets Brazilian resources, creating precision results for professionals worldwide. Hair treatment gold oil infusion \u00a0 Gold Oil Infusion \u2013 Softness, Repair &amp; Radiant Shine \u00a0 Indulge your hair with Gold Oil Infusion, a luxurious treatment oil enriched with macadamia oil and vitamin E to deliver&hellip;","_links":{"self":[{"href":"https:\/\/hairbrazilcosmetics.com\/pt\/wp-json\/wp\/v2\/pages\/2307","targetHints":{"allow":["GET"]}}],"collection":[{"href":"https:\/\/hairbrazilcosmetics.com\/pt\/wp-json\/wp\/v2\/pages"}],"about":[{"href":"https:\/\/hairbrazilcosmetics.com\/pt\/wp-json\/wp\/v2\/types\/page"}],"author":[{"embeddable":true,"href":"https:\/\/hairbrazilcosmetics.com\/pt\/wp-json\/wp\/v2\/users\/1"}],"replies":[{"embeddable":true,"href":"https:\/\/hairbrazilcosmetics.com\/pt\/wp-json\/wp\/v2\/comments?post=2307"}],"version-history":[{"count":10,"href":"https:\/\/hairbrazilcosmetics.com\/pt\/wp-json\/wp\/v2\/pages\/2307\/revisions"}],"predecessor-version":[{"id":2806,"href":"https:\/\/hairbrazilcosmetics.com\/pt\/wp-json\/wp\/v2\/pages\/2307\/revisions\/2806"}],"wp:attachment":[{"href":"https:\/\/hairbrazilcosmetics.com\/pt\/wp-json\/wp\/v2\/media?parent=2307"}],"curies":[{"name":"wp","href":"https:\/\/api.w.org\/{rel}","templated":true}]}}